{"id":2710,"date":"2017-11-21T11:05:19","date_gmt":"2017-11-21T11:05:19","guid":{"rendered":"http:\/\/www.imaitaly.biz\/ima\/referenze\/"},"modified":"2020-06-04T14:18:16","modified_gmt":"2020-06-04T14:18:16","slug":"referenze","status":"publish","type":"page","link":"https:\/\/www.imaitaly.biz\/es\/ima\/referenze\/","title":{"rendered":"Referencias"},"content":{"rendered":"<p><strong>IMA WORLDWIDE INSTALLATIONS<\/strong><\/p>\n<p>IMA es la empresa italiana que, desde hace 40 a\u00f1os, trabaja codo a codo con el mundo de la moda, con los grandes nombres del \u00abMade in Italy\u00bb y con una diversidad de sectores.<\/p>\n<p>L\u00edder en innovaci\u00f3n t\u00e9cnica y socio competente, siempre ha acompa\u00f1ado a sus clientes en la transformaci\u00f3n de peque\u00f1as empresas en centros industriales complejos, ayudando a lograr altos est\u00e1ndares de calidad y mejorando su eficiencia, productividad y flexibilidad con la optimizaci\u00f3n del consumo de telas. En definitiva, ofreciendo su soluci\u00f3n \u00f3ptima de \u201cSyncro Cutting Room\u201d.<br \/>\n<img loading=\"lazy\" decoding=\"async\" class=\"wp-image-2713 size-full aligncenter\" src=\"http:\/\/www.imaitaly.biz\/wp-content\/uploads\/2017\/11\/referenze-mondo.jpg\" alt=\"\" width=\"800\" height=\"391\" srcset=\"https:\/\/www.imaitaly.biz\/wp-content\/uploads\/2017\/11\/referenze-mondo.jpg 800w, https:\/\/www.imaitaly.biz\/wp-content\/uploads\/2017\/11\/referenze-mondo-300x147.jpg 300w, https:\/\/www.imaitaly.biz\/wp-content\/uploads\/2017\/11\/referenze-mondo-768x375.jpg 768w\" sizes=\"auto, (max-width: 800px) 100vw, 800px\" \/><\/p>\n","protected":false},"excerpt":{"rendered":"<p>IMA WORLDWIDE INSTALLATIONS IMA es la empresa italiana que, desde hace 40 a\u00f1os, trabaja codo a codo con el mundo de la moda, con los grandes nombres del \u00abMade in [&hellip;]<\/p>\n","protected":false},"author":5,"featured_media":0,"parent":2706,"menu_order":20,"comment_status":"closed","ping_status":"closed","template":"","meta":{"_acf_changed":false,"footnotes":""},"class_list":["post-2710","page","type-page","status-publish","hentry"],"acf":[],"yoast_head":"<!-- This site is optimized with the Yoast SEO plugin v27.5 - https:\/\/yoast.com\/product\/yoast-seo-wordpress\/ -->\n<title>Referencias - IMA SPA<\/title>\n<meta name=\"robots\" content=\"index, follow, max-snippet:-1, max-image-preview:large, max-video-preview:-1\" \/>\n<link rel=\"canonical\" href=\"https:\/\/www.imaitaly.biz\/es\/ima\/referenze\/\" \/>\n<meta property=\"og:locale\" content=\"es_ES\" \/>\n<meta property=\"og:type\" content=\"article\" \/>\n<meta property=\"og:title\" content=\"Referencias - IMA SPA\" \/>\n<meta property=\"og:description\" content=\"IMA WORLDWIDE INSTALLATIONS IMA es la empresa italiana que, desde hace 40 a\u00f1os, trabaja codo a codo con el mundo de la moda, con los grandes nombres del \u00abMade in [&hellip;]\" \/>\n<meta property=\"og:url\" content=\"https:\/\/www.imaitaly.biz\/es\/ima\/referenze\/\" \/>\n<meta property=\"og:site_name\" content=\"IMA SPA\" \/>\n<meta property=\"article:publisher\" content=\"https:\/\/www.facebook.com\/SYNCROCUTTINGROOM\/\" \/>\n<meta property=\"article:modified_time\" content=\"2020-06-04T14:18:16+00:00\" \/>\n<meta property=\"og:image\" content=\"http:\/\/www.imaitaly.biz\/wp-content\/uploads\/2017\/11\/referenze-mondo.jpg\" \/>\n<meta name=\"twitter:card\" content=\"summary_large_image\" \/>\n<meta name=\"twitter:label1\" content=\"Tiempo de lectura\" \/>\n\t<meta name=\"twitter:data1\" content=\"1 minuto\" \/>\n<script type=\"application\/ld+json\" class=\"yoast-schema-graph\">{\"@context\":\"https:\\\/\\\/schema.org\",\"@graph\":[{\"@type\":\"WebPage\",\"@id\":\"https:\\\/\\\/www.imaitaly.biz\\\/es\\\/ima\\\/referenze\\\/\",\"url\":\"https:\\\/\\\/www.imaitaly.biz\\\/es\\\/ima\\\/referenze\\\/\",\"name\":\"Referencias - IMA SPA\",\"isPartOf\":{\"@id\":\"https:\\\/\\\/www.imaitaly.biz\\\/#website\"},\"primaryImageOfPage\":{\"@id\":\"https:\\\/\\\/www.imaitaly.biz\\\/es\\\/ima\\\/referenze\\\/#primaryimage\"},\"image\":{\"@id\":\"https:\\\/\\\/www.imaitaly.biz\\\/es\\\/ima\\\/referenze\\\/#primaryimage\"},\"thumbnailUrl\":\"http:\\\/\\\/www.imaitaly.biz\\\/wp-content\\\/uploads\\\/2017\\\/11\\\/referenze-mondo.jpg\",\"datePublished\":\"2017-11-21T11:05:19+00:00\",\"dateModified\":\"2020-06-04T14:18:16+00:00\",\"breadcrumb\":{\"@id\":\"https:\\\/\\\/www.imaitaly.biz\\\/es\\\/ima\\\/referenze\\\/#breadcrumb\"},\"inLanguage\":\"es\",\"potentialAction\":[{\"@type\":\"ReadAction\",\"target\":[\"https:\\\/\\\/www.imaitaly.biz\\\/es\\\/ima\\\/referenze\\\/\"]}]},{\"@type\":\"ImageObject\",\"inLanguage\":\"es\",\"@id\":\"https:\\\/\\\/www.imaitaly.biz\\\/es\\\/ima\\\/referenze\\\/#primaryimage\",\"url\":\"http:\\\/\\\/www.imaitaly.biz\\\/wp-content\\\/uploads\\\/2017\\\/11\\\/referenze-mondo.jpg\",\"contentUrl\":\"http:\\\/\\\/www.imaitaly.biz\\\/wp-content\\\/uploads\\\/2017\\\/11\\\/referenze-mondo.jpg\"},{\"@type\":\"BreadcrumbList\",\"@id\":\"https:\\\/\\\/www.imaitaly.biz\\\/es\\\/ima\\\/referenze\\\/#breadcrumb\",\"itemListElement\":[{\"@type\":\"ListItem\",\"position\":1,\"name\":\"Home\",\"item\":\"https:\\\/\\\/www.imaitaly.biz\\\/es\\\/\"},{\"@type\":\"ListItem\",\"position\":2,\"name\":\"IMA\",\"item\":\"https:\\\/\\\/www.imaitaly.biz\\\/es\\\/ima\\\/\"},{\"@type\":\"ListItem\",\"position\":3,\"name\":\"Referencias\"}]},{\"@type\":\"WebSite\",\"@id\":\"https:\\\/\\\/www.imaitaly.biz\\\/#website\",\"url\":\"https:\\\/\\\/www.imaitaly.biz\\\/\",\"name\":\"IMA SPA\",\"description\":\"Innovativi sistemi integrati per la gestione completa in sala taglio\",\"publisher\":{\"@id\":\"https:\\\/\\\/www.imaitaly.biz\\\/#organization\"},\"potentialAction\":[{\"@type\":\"SearchAction\",\"target\":{\"@type\":\"EntryPoint\",\"urlTemplate\":\"https:\\\/\\\/www.imaitaly.biz\\\/?s={search_term_string}\"},\"query-input\":{\"@type\":\"PropertyValueSpecification\",\"valueRequired\":true,\"valueName\":\"search_term_string\"}}],\"inLanguage\":\"es\"},{\"@type\":\"Organization\",\"@id\":\"https:\\\/\\\/www.imaitaly.biz\\\/#organization\",\"name\":\"IMA Italy\",\"url\":\"https:\\\/\\\/www.imaitaly.biz\\\/\",\"logo\":{\"@type\":\"ImageObject\",\"inLanguage\":\"es\",\"@id\":\"https:\\\/\\\/www.imaitaly.biz\\\/#\\\/schema\\\/logo\\\/image\\\/\",\"url\":\"https:\\\/\\\/www.imaitaly.biz\\\/wp-content\\\/uploads\\\/2022\\\/05\\\/ima-macchinari-sala-taglio.png\",\"contentUrl\":\"https:\\\/\\\/www.imaitaly.biz\\\/wp-content\\\/uploads\\\/2022\\\/05\\\/ima-macchinari-sala-taglio.png\",\"width\":750,\"height\":750,\"caption\":\"IMA Italy\"},\"image\":{\"@id\":\"https:\\\/\\\/www.imaitaly.biz\\\/#\\\/schema\\\/logo\\\/image\\\/\"},\"sameAs\":[\"https:\\\/\\\/www.facebook.com\\\/SYNCROCUTTINGROOM\\\/\",\"https:\\\/\\\/www.youtube.com\\\/user\\\/macpigroupIMA\"]}]}<\/script>\n<!-- \/ Yoast SEO plugin. -->","yoast_head_json":{"title":"Referencias - IMA SPA","robots":{"index":"index","follow":"follow","max-snippet":"max-snippet:-1","max-image-preview":"max-image-preview:large","max-video-preview":"max-video-preview:-1"},"canonical":"https:\/\/www.imaitaly.biz\/es\/ima\/referenze\/","og_locale":"es_ES","og_type":"article","og_title":"Referencias - IMA SPA","og_description":"IMA WORLDWIDE INSTALLATIONS IMA es la empresa italiana que, desde hace 40 a\u00f1os, trabaja codo a codo con el mundo de la moda, con los grandes nombres del \u00abMade in [&hellip;]","og_url":"https:\/\/www.imaitaly.biz\/es\/ima\/referenze\/","og_site_name":"IMA SPA","article_publisher":"https:\/\/www.facebook.com\/SYNCROCUTTINGROOM\/","article_modified_time":"2020-06-04T14:18:16+00:00","og_image":[{"url":"http:\/\/www.imaitaly.biz\/wp-content\/uploads\/2017\/11\/referenze-mondo.jpg","type":"","width":"","height":""}],"twitter_card":"summary_large_image","twitter_misc":{"Tiempo de lectura":"1 minuto"},"schema":{"@context":"https:\/\/schema.org","@graph":[{"@type":"WebPage","@id":"https:\/\/www.imaitaly.biz\/es\/ima\/referenze\/","url":"https:\/\/www.imaitaly.biz\/es\/ima\/referenze\/","name":"Referencias - IMA SPA","isPartOf":{"@id":"https:\/\/www.imaitaly.biz\/#website"},"primaryImageOfPage":{"@id":"https:\/\/www.imaitaly.biz\/es\/ima\/referenze\/#primaryimage"},"image":{"@id":"https:\/\/www.imaitaly.biz\/es\/ima\/referenze\/#primaryimage"},"thumbnailUrl":"http:\/\/www.imaitaly.biz\/wp-content\/uploads\/2017\/11\/referenze-mondo.jpg","datePublished":"2017-11-21T11:05:19+00:00","dateModified":"2020-06-04T14:18:16+00:00","breadcrumb":{"@id":"https:\/\/www.imaitaly.biz\/es\/ima\/referenze\/#breadcrumb"},"inLanguage":"es","potentialAction":[{"@type":"ReadAction","target":["https:\/\/www.imaitaly.biz\/es\/ima\/referenze\/"]}]},{"@type":"ImageObject","inLanguage":"es","@id":"https:\/\/www.imaitaly.biz\/es\/ima\/referenze\/#primaryimage","url":"http:\/\/www.imaitaly.biz\/wp-content\/uploads\/2017\/11\/referenze-mondo.jpg","contentUrl":"http:\/\/www.imaitaly.biz\/wp-content\/uploads\/2017\/11\/referenze-mondo.jpg"},{"@type":"BreadcrumbList","@id":"https:\/\/www.imaitaly.biz\/es\/ima\/referenze\/#breadcrumb","itemListElement":[{"@type":"ListItem","position":1,"name":"Home","item":"https:\/\/www.imaitaly.biz\/es\/"},{"@type":"ListItem","position":2,"name":"IMA","item":"https:\/\/www.imaitaly.biz\/es\/ima\/"},{"@type":"ListItem","position":3,"name":"Referencias"}]},{"@type":"WebSite","@id":"https:\/\/www.imaitaly.biz\/#website","url":"https:\/\/www.imaitaly.biz\/","name":"IMA SPA","description":"Innovativi sistemi integrati per la gestione completa in sala taglio","publisher":{"@id":"https:\/\/www.imaitaly.biz\/#organization"},"potentialAction":[{"@type":"SearchAction","target":{"@type":"EntryPoint","urlTemplate":"https:\/\/www.imaitaly.biz\/?s={search_term_string}"},"query-input":{"@type":"PropertyValueSpecification","valueRequired":true,"valueName":"search_term_string"}}],"inLanguage":"es"},{"@type":"Organization","@id":"https:\/\/www.imaitaly.biz\/#organization","name":"IMA Italy","url":"https:\/\/www.imaitaly.biz\/","logo":{"@type":"ImageObject","inLanguage":"es","@id":"https:\/\/www.imaitaly.biz\/#\/schema\/logo\/image\/","url":"https:\/\/www.imaitaly.biz\/wp-content\/uploads\/2022\/05\/ima-macchinari-sala-taglio.png","contentUrl":"https:\/\/www.imaitaly.biz\/wp-content\/uploads\/2022\/05\/ima-macchinari-sala-taglio.png","width":750,"height":750,"caption":"IMA Italy"},"image":{"@id":"https:\/\/www.imaitaly.biz\/#\/schema\/logo\/image\/"},"sameAs":["https:\/\/www.facebook.com\/SYNCROCUTTINGROOM\/","https:\/\/www.youtube.com\/user\/macpigroupIMA"]}]}},"_links":{"self":[{"href":"https:\/\/www.imaitaly.biz\/es\/wp-json\/wp\/v2\/pages\/2710","targetHints":{"allow":["GET"]}}],"collection":[{"href":"https:\/\/www.imaitaly.biz\/es\/wp-json\/wp\/v2\/pages"}],"about":[{"href":"https:\/\/www.imaitaly.biz\/es\/wp-json\/wp\/v2\/types\/page"}],"author":[{"embeddable":true,"href":"https:\/\/www.imaitaly.biz\/es\/wp-json\/wp\/v2\/users\/5"}],"replies":[{"embeddable":true,"href":"https:\/\/www.imaitaly.biz\/es\/wp-json\/wp\/v2\/comments?post=2710"}],"version-history":[{"count":2,"href":"https:\/\/www.imaitaly.biz\/es\/wp-json\/wp\/v2\/pages\/2710\/revisions"}],"predecessor-version":[{"id":2718,"href":"https:\/\/www.imaitaly.biz\/es\/wp-json\/wp\/v2\/pages\/2710\/revisions\/2718"}],"up":[{"embeddable":true,"href":"https:\/\/www.imaitaly.biz\/es\/wp-json\/wp\/v2\/pages\/2706"}],"wp:attachment":[{"href":"https:\/\/www.imaitaly.biz\/es\/wp-json\/wp\/v2\/media?parent=2710"}],"curies":[{"name":"wp","href":"https:\/\/api.w.org\/{rel}","templated":true}]}}