{"id":2719,"date":"2017-11-20T13:47:53","date_gmt":"2017-11-20T13:47:53","guid":{"rendered":"http:\/\/www.imaitaly.biz\/ima\/ricerca-e-innovazione\/"},"modified":"2020-06-04T14:18:53","modified_gmt":"2020-06-04T14:18:53","slug":"ricerca-e-innovazione","status":"publish","type":"page","link":"https:\/\/www.imaitaly.biz\/es\/ima\/ricerca-e-innovazione\/","title":{"rendered":"Investigaci\u00f3n e innovaci\u00f3n"},"content":{"rendered":"<p><strong>Tecnolog\u00eda de vanguardia<\/strong><\/p>\n<p>Un equipo de proyecto dedicado se ocupa de la puesta a punto de todas las nuevas ideas antes de proceder con la fabricaci\u00f3n definitiva.<\/p>\n<p>Ingenieros electr\u00f3nicos, mec\u00e1nicos e inform\u00e1ticos entre los m\u00e1s experimentados del mundo, trabajan con un solo objetivo: garantizar productos innovadores con alto contenido tecnol\u00f3gico, confiables y configurados ad hoc de acuerdo con las necesidades espec\u00edficas del cliente.<\/p>\n<p><strong>Competencia y conocimiento<\/strong><\/p>\n<p>No solo m\u00e1quinas, sino sofisticados sistemas integrados para la gesti\u00f3n completa de la sala de corte.<\/p>\n<p>Syncro Cutting Room es el \u00faltimo y ambicioso proyecto en el que IMA est\u00e1 involucrado.<\/p>\n<p>Se trata de una aplicaci\u00f3n basada en web, utilizable por cualquier dispositivo que est\u00e9 conectado a Internet (computadora personal, tableta, tel\u00e9fono inteligente, etc.), a trav\u00e9s de la cual es posible controlar el funcionamiento de toda la l\u00ednea de corte.<\/p>\n","protected":false},"excerpt":{"rendered":"<p>Tecnolog\u00eda de vanguardia Un equipo de proyecto dedicado se ocupa de la puesta a punto de todas las nuevas ideas antes de proceder con la fabricaci\u00f3n definitiva. Ingenieros electr\u00f3nicos, mec\u00e1nicos [&hellip;]<\/p>\n","protected":false},"author":5,"featured_media":0,"parent":2706,"menu_order":30,"comment_status":"closed","ping_status":"closed","template":"","meta":{"_acf_changed":false,"footnotes":""},"class_list":["post-2719","page","type-page","status-publish","hentry"],"acf":[],"yoast_head":"<!-- This site is optimized with the Yoast SEO plugin v27.0 - https:\/\/yoast.com\/product\/yoast-seo-wordpress\/ -->\n<title>Investigaci\u00f3n e innovaci\u00f3n - IMA SPA<\/title>\n<meta name=\"robots\" content=\"index, follow, max-snippet:-1, max-image-preview:large, max-video-preview:-1\" \/>\n<link rel=\"canonical\" href=\"https:\/\/www.imaitaly.biz\/es\/ima\/ricerca-e-innovazione\/\" \/>\n<meta property=\"og:locale\" content=\"es_ES\" \/>\n<meta property=\"og:type\" content=\"article\" \/>\n<meta property=\"og:title\" content=\"Investigaci\u00f3n e innovaci\u00f3n - IMA SPA\" \/>\n<meta property=\"og:description\" content=\"Tecnolog\u00eda de vanguardia Un equipo de proyecto dedicado se ocupa de la puesta a punto de todas las nuevas ideas antes de proceder con la fabricaci\u00f3n definitiva. Ingenieros electr\u00f3nicos, mec\u00e1nicos [&hellip;]\" \/>\n<meta property=\"og:url\" content=\"https:\/\/www.imaitaly.biz\/es\/ima\/ricerca-e-innovazione\/\" \/>\n<meta property=\"og:site_name\" content=\"IMA SPA\" \/>\n<meta property=\"article:publisher\" content=\"https:\/\/www.facebook.com\/SYNCROCUTTINGROOM\/\" \/>\n<meta property=\"article:modified_time\" content=\"2020-06-04T14:18:53+00:00\" \/>\n<meta name=\"twitter:card\" content=\"summary_large_image\" \/>\n<meta name=\"twitter:label1\" content=\"Tiempo de lectura\" \/>\n\t<meta name=\"twitter:data1\" content=\"1 minuto\" \/>\n<script type=\"application\/ld+json\" class=\"yoast-schema-graph\">{\"@context\":\"https:\/\/schema.org\",\"@graph\":[{\"@type\":\"WebPage\",\"@id\":\"https:\/\/www.imaitaly.biz\/es\/ima\/ricerca-e-innovazione\/\",\"url\":\"https:\/\/www.imaitaly.biz\/es\/ima\/ricerca-e-innovazione\/\",\"name\":\"Investigaci\u00f3n e innovaci\u00f3n - IMA SPA\",\"isPartOf\":{\"@id\":\"https:\/\/www.imaitaly.biz\/#website\"},\"datePublished\":\"2017-11-20T13:47:53+00:00\",\"dateModified\":\"2020-06-04T14:18:53+00:00\",\"breadcrumb\":{\"@id\":\"https:\/\/www.imaitaly.biz\/es\/ima\/ricerca-e-innovazione\/#breadcrumb\"},\"inLanguage\":\"es\",\"potentialAction\":[{\"@type\":\"ReadAction\",\"target\":[\"https:\/\/www.imaitaly.biz\/es\/ima\/ricerca-e-innovazione\/\"]}]},{\"@type\":\"BreadcrumbList\",\"@id\":\"https:\/\/www.imaitaly.biz\/es\/ima\/ricerca-e-innovazione\/#breadcrumb\",\"itemListElement\":[{\"@type\":\"ListItem\",\"position\":1,\"name\":\"Home\",\"item\":\"https:\/\/www.imaitaly.biz\/es\/\"},{\"@type\":\"ListItem\",\"position\":2,\"name\":\"IMA\",\"item\":\"https:\/\/www.imaitaly.biz\/es\/ima\/\"},{\"@type\":\"ListItem\",\"position\":3,\"name\":\"Investigaci\u00f3n e innovaci\u00f3n\"}]},{\"@type\":\"WebSite\",\"@id\":\"https:\/\/www.imaitaly.biz\/#website\",\"url\":\"https:\/\/www.imaitaly.biz\/\",\"name\":\"IMA SPA\",\"description\":\"Innovativi sistemi integrati per la gestione completa in sala taglio\",\"publisher\":{\"@id\":\"https:\/\/www.imaitaly.biz\/#organization\"},\"potentialAction\":[{\"@type\":\"SearchAction\",\"target\":{\"@type\":\"EntryPoint\",\"urlTemplate\":\"https:\/\/www.imaitaly.biz\/?s={search_term_string}\"},\"query-input\":{\"@type\":\"PropertyValueSpecification\",\"valueRequired\":true,\"valueName\":\"search_term_string\"}}],\"inLanguage\":\"es\"},{\"@type\":\"Organization\",\"@id\":\"https:\/\/www.imaitaly.biz\/#organization\",\"name\":\"IMA Italy\",\"url\":\"https:\/\/www.imaitaly.biz\/\",\"logo\":{\"@type\":\"ImageObject\",\"inLanguage\":\"es\",\"@id\":\"https:\/\/www.imaitaly.biz\/#\/schema\/logo\/image\/\",\"url\":\"https:\/\/www.imaitaly.biz\/wp-content\/uploads\/2022\/05\/ima-macchinari-sala-taglio.png\",\"contentUrl\":\"https:\/\/www.imaitaly.biz\/wp-content\/uploads\/2022\/05\/ima-macchinari-sala-taglio.png\",\"width\":750,\"height\":750,\"caption\":\"IMA Italy\"},\"image\":{\"@id\":\"https:\/\/www.imaitaly.biz\/#\/schema\/logo\/image\/\"},\"sameAs\":[\"https:\/\/www.facebook.com\/SYNCROCUTTINGROOM\/\",\"https:\/\/www.youtube.com\/user\/macpigroupIMA\"]}]}<\/script>\n<!-- \/ Yoast SEO plugin. -->","yoast_head_json":{"title":"Investigaci\u00f3n e innovaci\u00f3n - IMA SPA","robots":{"index":"index","follow":"follow","max-snippet":"max-snippet:-1","max-image-preview":"max-image-preview:large","max-video-preview":"max-video-preview:-1"},"canonical":"https:\/\/www.imaitaly.biz\/es\/ima\/ricerca-e-innovazione\/","og_locale":"es_ES","og_type":"article","og_title":"Investigaci\u00f3n e innovaci\u00f3n - IMA SPA","og_description":"Tecnolog\u00eda de vanguardia Un equipo de proyecto dedicado se ocupa de la puesta a punto de todas las nuevas ideas antes de proceder con la fabricaci\u00f3n definitiva. Ingenieros electr\u00f3nicos, mec\u00e1nicos [&hellip;]","og_url":"https:\/\/www.imaitaly.biz\/es\/ima\/ricerca-e-innovazione\/","og_site_name":"IMA SPA","article_publisher":"https:\/\/www.facebook.com\/SYNCROCUTTINGROOM\/","article_modified_time":"2020-06-04T14:18:53+00:00","twitter_card":"summary_large_image","twitter_misc":{"Tiempo de lectura":"1 minuto"},"schema":{"@context":"https:\/\/schema.org","@graph":[{"@type":"WebPage","@id":"https:\/\/www.imaitaly.biz\/es\/ima\/ricerca-e-innovazione\/","url":"https:\/\/www.imaitaly.biz\/es\/ima\/ricerca-e-innovazione\/","name":"Investigaci\u00f3n e innovaci\u00f3n - IMA SPA","isPartOf":{"@id":"https:\/\/www.imaitaly.biz\/#website"},"datePublished":"2017-11-20T13:47:53+00:00","dateModified":"2020-06-04T14:18:53+00:00","breadcrumb":{"@id":"https:\/\/www.imaitaly.biz\/es\/ima\/ricerca-e-innovazione\/#breadcrumb"},"inLanguage":"es","potentialAction":[{"@type":"ReadAction","target":["https:\/\/www.imaitaly.biz\/es\/ima\/ricerca-e-innovazione\/"]}]},{"@type":"BreadcrumbList","@id":"https:\/\/www.imaitaly.biz\/es\/ima\/ricerca-e-innovazione\/#breadcrumb","itemListElement":[{"@type":"ListItem","position":1,"name":"Home","item":"https:\/\/www.imaitaly.biz\/es\/"},{"@type":"ListItem","position":2,"name":"IMA","item":"https:\/\/www.imaitaly.biz\/es\/ima\/"},{"@type":"ListItem","position":3,"name":"Investigaci\u00f3n e innovaci\u00f3n"}]},{"@type":"WebSite","@id":"https:\/\/www.imaitaly.biz\/#website","url":"https:\/\/www.imaitaly.biz\/","name":"IMA SPA","description":"Innovativi sistemi integrati per la gestione completa in sala taglio","publisher":{"@id":"https:\/\/www.imaitaly.biz\/#organization"},"potentialAction":[{"@type":"SearchAction","target":{"@type":"EntryPoint","urlTemplate":"https:\/\/www.imaitaly.biz\/?s={search_term_string}"},"query-input":{"@type":"PropertyValueSpecification","valueRequired":true,"valueName":"search_term_string"}}],"inLanguage":"es"},{"@type":"Organization","@id":"https:\/\/www.imaitaly.biz\/#organization","name":"IMA Italy","url":"https:\/\/www.imaitaly.biz\/","logo":{"@type":"ImageObject","inLanguage":"es","@id":"https:\/\/www.imaitaly.biz\/#\/schema\/logo\/image\/","url":"https:\/\/www.imaitaly.biz\/wp-content\/uploads\/2022\/05\/ima-macchinari-sala-taglio.png","contentUrl":"https:\/\/www.imaitaly.biz\/wp-content\/uploads\/2022\/05\/ima-macchinari-sala-taglio.png","width":750,"height":750,"caption":"IMA Italy"},"image":{"@id":"https:\/\/www.imaitaly.biz\/#\/schema\/logo\/image\/"},"sameAs":["https:\/\/www.facebook.com\/SYNCROCUTTINGROOM\/","https:\/\/www.youtube.com\/user\/macpigroupIMA"]}]}},"_links":{"self":[{"href":"https:\/\/www.imaitaly.biz\/es\/wp-json\/wp\/v2\/pages\/2719","targetHints":{"allow":["GET"]}}],"collection":[{"href":"https:\/\/www.imaitaly.biz\/es\/wp-json\/wp\/v2\/pages"}],"about":[{"href":"https:\/\/www.imaitaly.biz\/es\/wp-json\/wp\/v2\/types\/page"}],"author":[{"embeddable":true,"href":"https:\/\/www.imaitaly.biz\/es\/wp-json\/wp\/v2\/users\/5"}],"replies":[{"embeddable":true,"href":"https:\/\/www.imaitaly.biz\/es\/wp-json\/wp\/v2\/comments?post=2719"}],"version-history":[{"count":1,"href":"https:\/\/www.imaitaly.biz\/es\/wp-json\/wp\/v2\/pages\/2719\/revisions"}],"predecessor-version":[{"id":2721,"href":"https:\/\/www.imaitaly.biz\/es\/wp-json\/wp\/v2\/pages\/2719\/revisions\/2721"}],"up":[{"embeddable":true,"href":"https:\/\/www.imaitaly.biz\/es\/wp-json\/wp\/v2\/pages\/2706"}],"wp:attachment":[{"href":"https:\/\/www.imaitaly.biz\/es\/wp-json\/wp\/v2\/media?parent=2719"}],"curies":[{"name":"wp","href":"https:\/\/api.w.org\/{rel}","templated":true}]}}