{"id":2722,"date":"2017-11-21T14:29:51","date_gmt":"2017-11-21T14:29:51","guid":{"rendered":"http:\/\/www.imaitaly.biz\/ima\/gamma\/"},"modified":"2020-06-04T14:19:39","modified_gmt":"2020-06-04T14:19:39","slug":"gamma","status":"publish","type":"page","link":"https:\/\/www.imaitaly.biz\/es\/ima\/gamma\/","title":{"rendered":"Gama de productos"},"content":{"rendered":"<p>La gama de productos IMA est\u00e1 dise\u00f1ada para proporcionar un soporte total en el flujo de trabajo, as\u00ed como para conseguir soluciones completas que representan non solo en un logro, sino tambi\u00e9n un est\u00edmulo para la b\u00fasqueda continua de desarrollo y crecimiento por parte de nuestros clientes.<\/p>\n<p>La producci\u00f3n de IMA es experiencia y conocimiento a la base de un proceso de fabricaci\u00f3n avanzado en t\u00e9rminos de calidad.<\/p>\n<p>Nuestra experiencia se traduce en productos capaces de satisfacer las expectativas m\u00e1s exigentes. Nuestras tecnolog\u00edas nos permiten crear productos absolutamente novedosos y vanguardistas.<\/p>\n","protected":false},"excerpt":{"rendered":"<p>La gama de productos IMA est\u00e1 dise\u00f1ada para proporcionar un soporte total en el flujo de trabajo, as\u00ed como para conseguir soluciones completas que representan non solo en un logro, [&hellip;]<\/p>\n","protected":false},"author":5,"featured_media":0,"parent":2706,"menu_order":40,"comment_status":"closed","ping_status":"closed","template":"","meta":{"_acf_changed":false,"footnotes":""},"class_list":["post-2722","page","type-page","status-publish","hentry"],"acf":[],"yoast_head":"<!-- This site is optimized with the Yoast SEO plugin v27.0 - https:\/\/yoast.com\/product\/yoast-seo-wordpress\/ -->\n<title>Gama de productos - IMA SPA<\/title>\n<meta name=\"robots\" content=\"index, follow, max-snippet:-1, max-image-preview:large, max-video-preview:-1\" \/>\n<link rel=\"canonical\" href=\"https:\/\/www.imaitaly.biz\/es\/ima\/gamma\/\" \/>\n<meta property=\"og:locale\" content=\"es_ES\" \/>\n<meta property=\"og:type\" content=\"article\" \/>\n<meta property=\"og:title\" content=\"Gama de productos - IMA SPA\" \/>\n<meta property=\"og:description\" content=\"La gama de productos IMA est\u00e1 dise\u00f1ada para proporcionar un soporte total en el flujo de trabajo, as\u00ed como para conseguir soluciones completas que representan non solo en un logro, [&hellip;]\" \/>\n<meta property=\"og:url\" content=\"https:\/\/www.imaitaly.biz\/es\/ima\/gamma\/\" \/>\n<meta property=\"og:site_name\" content=\"IMA SPA\" \/>\n<meta property=\"article:publisher\" content=\"https:\/\/www.facebook.com\/SYNCROCUTTINGROOM\/\" \/>\n<meta property=\"article:modified_time\" content=\"2020-06-04T14:19:39+00:00\" \/>\n<meta name=\"twitter:card\" content=\"summary_large_image\" \/>\n<meta name=\"twitter:label1\" content=\"Tiempo de lectura\" \/>\n\t<meta name=\"twitter:data1\" content=\"1 minuto\" \/>\n<script type=\"application\/ld+json\" class=\"yoast-schema-graph\">{\"@context\":\"https:\/\/schema.org\",\"@graph\":[{\"@type\":\"WebPage\",\"@id\":\"https:\/\/www.imaitaly.biz\/es\/ima\/gamma\/\",\"url\":\"https:\/\/www.imaitaly.biz\/es\/ima\/gamma\/\",\"name\":\"Gama de productos - IMA SPA\",\"isPartOf\":{\"@id\":\"https:\/\/www.imaitaly.biz\/#website\"},\"datePublished\":\"2017-11-21T14:29:51+00:00\",\"dateModified\":\"2020-06-04T14:19:39+00:00\",\"breadcrumb\":{\"@id\":\"https:\/\/www.imaitaly.biz\/es\/ima\/gamma\/#breadcrumb\"},\"inLanguage\":\"es\",\"potentialAction\":[{\"@type\":\"ReadAction\",\"target\":[\"https:\/\/www.imaitaly.biz\/es\/ima\/gamma\/\"]}]},{\"@type\":\"BreadcrumbList\",\"@id\":\"https:\/\/www.imaitaly.biz\/es\/ima\/gamma\/#breadcrumb\",\"itemListElement\":[{\"@type\":\"ListItem\",\"position\":1,\"name\":\"Home\",\"item\":\"https:\/\/www.imaitaly.biz\/es\/\"},{\"@type\":\"ListItem\",\"position\":2,\"name\":\"IMA\",\"item\":\"https:\/\/www.imaitaly.biz\/es\/ima\/\"},{\"@type\":\"ListItem\",\"position\":3,\"name\":\"Gama de productos\"}]},{\"@type\":\"WebSite\",\"@id\":\"https:\/\/www.imaitaly.biz\/#website\",\"url\":\"https:\/\/www.imaitaly.biz\/\",\"name\":\"IMA SPA\",\"description\":\"Innovativi sistemi integrati per la gestione completa in sala taglio\",\"publisher\":{\"@id\":\"https:\/\/www.imaitaly.biz\/#organization\"},\"potentialAction\":[{\"@type\":\"SearchAction\",\"target\":{\"@type\":\"EntryPoint\",\"urlTemplate\":\"https:\/\/www.imaitaly.biz\/?s={search_term_string}\"},\"query-input\":{\"@type\":\"PropertyValueSpecification\",\"valueRequired\":true,\"valueName\":\"search_term_string\"}}],\"inLanguage\":\"es\"},{\"@type\":\"Organization\",\"@id\":\"https:\/\/www.imaitaly.biz\/#organization\",\"name\":\"IMA Italy\",\"url\":\"https:\/\/www.imaitaly.biz\/\",\"logo\":{\"@type\":\"ImageObject\",\"inLanguage\":\"es\",\"@id\":\"https:\/\/www.imaitaly.biz\/#\/schema\/logo\/image\/\",\"url\":\"https:\/\/www.imaitaly.biz\/wp-content\/uploads\/2022\/05\/ima-macchinari-sala-taglio.png\",\"contentUrl\":\"https:\/\/www.imaitaly.biz\/wp-content\/uploads\/2022\/05\/ima-macchinari-sala-taglio.png\",\"width\":750,\"height\":750,\"caption\":\"IMA Italy\"},\"image\":{\"@id\":\"https:\/\/www.imaitaly.biz\/#\/schema\/logo\/image\/\"},\"sameAs\":[\"https:\/\/www.facebook.com\/SYNCROCUTTINGROOM\/\",\"https:\/\/www.youtube.com\/user\/macpigroupIMA\"]}]}<\/script>\n<!-- \/ Yoast SEO plugin. -->","yoast_head_json":{"title":"Gama de productos - IMA SPA","robots":{"index":"index","follow":"follow","max-snippet":"max-snippet:-1","max-image-preview":"max-image-preview:large","max-video-preview":"max-video-preview:-1"},"canonical":"https:\/\/www.imaitaly.biz\/es\/ima\/gamma\/","og_locale":"es_ES","og_type":"article","og_title":"Gama de productos - IMA SPA","og_description":"La gama de productos IMA est\u00e1 dise\u00f1ada para proporcionar un soporte total en el flujo de trabajo, as\u00ed como para conseguir soluciones completas que representan non solo en un logro, [&hellip;]","og_url":"https:\/\/www.imaitaly.biz\/es\/ima\/gamma\/","og_site_name":"IMA SPA","article_publisher":"https:\/\/www.facebook.com\/SYNCROCUTTINGROOM\/","article_modified_time":"2020-06-04T14:19:39+00:00","twitter_card":"summary_large_image","twitter_misc":{"Tiempo de lectura":"1 minuto"},"schema":{"@context":"https:\/\/schema.org","@graph":[{"@type":"WebPage","@id":"https:\/\/www.imaitaly.biz\/es\/ima\/gamma\/","url":"https:\/\/www.imaitaly.biz\/es\/ima\/gamma\/","name":"Gama de productos - IMA SPA","isPartOf":{"@id":"https:\/\/www.imaitaly.biz\/#website"},"datePublished":"2017-11-21T14:29:51+00:00","dateModified":"2020-06-04T14:19:39+00:00","breadcrumb":{"@id":"https:\/\/www.imaitaly.biz\/es\/ima\/gamma\/#breadcrumb"},"inLanguage":"es","potentialAction":[{"@type":"ReadAction","target":["https:\/\/www.imaitaly.biz\/es\/ima\/gamma\/"]}]},{"@type":"BreadcrumbList","@id":"https:\/\/www.imaitaly.biz\/es\/ima\/gamma\/#breadcrumb","itemListElement":[{"@type":"ListItem","position":1,"name":"Home","item":"https:\/\/www.imaitaly.biz\/es\/"},{"@type":"ListItem","position":2,"name":"IMA","item":"https:\/\/www.imaitaly.biz\/es\/ima\/"},{"@type":"ListItem","position":3,"name":"Gama de productos"}]},{"@type":"WebSite","@id":"https:\/\/www.imaitaly.biz\/#website","url":"https:\/\/www.imaitaly.biz\/","name":"IMA SPA","description":"Innovativi sistemi integrati per la gestione completa in sala taglio","publisher":{"@id":"https:\/\/www.imaitaly.biz\/#organization"},"potentialAction":[{"@type":"SearchAction","target":{"@type":"EntryPoint","urlTemplate":"https:\/\/www.imaitaly.biz\/?s={search_term_string}"},"query-input":{"@type":"PropertyValueSpecification","valueRequired":true,"valueName":"search_term_string"}}],"inLanguage":"es"},{"@type":"Organization","@id":"https:\/\/www.imaitaly.biz\/#organization","name":"IMA Italy","url":"https:\/\/www.imaitaly.biz\/","logo":{"@type":"ImageObject","inLanguage":"es","@id":"https:\/\/www.imaitaly.biz\/#\/schema\/logo\/image\/","url":"https:\/\/www.imaitaly.biz\/wp-content\/uploads\/2022\/05\/ima-macchinari-sala-taglio.png","contentUrl":"https:\/\/www.imaitaly.biz\/wp-content\/uploads\/2022\/05\/ima-macchinari-sala-taglio.png","width":750,"height":750,"caption":"IMA Italy"},"image":{"@id":"https:\/\/www.imaitaly.biz\/#\/schema\/logo\/image\/"},"sameAs":["https:\/\/www.facebook.com\/SYNCROCUTTINGROOM\/","https:\/\/www.youtube.com\/user\/macpigroupIMA"]}]}},"_links":{"self":[{"href":"https:\/\/www.imaitaly.biz\/es\/wp-json\/wp\/v2\/pages\/2722","targetHints":{"allow":["GET"]}}],"collection":[{"href":"https:\/\/www.imaitaly.biz\/es\/wp-json\/wp\/v2\/pages"}],"about":[{"href":"https:\/\/www.imaitaly.biz\/es\/wp-json\/wp\/v2\/types\/page"}],"author":[{"embeddable":true,"href":"https:\/\/www.imaitaly.biz\/es\/wp-json\/wp\/v2\/users\/5"}],"replies":[{"embeddable":true,"href":"https:\/\/www.imaitaly.biz\/es\/wp-json\/wp\/v2\/comments?post=2722"}],"version-history":[{"count":1,"href":"https:\/\/www.imaitaly.biz\/es\/wp-json\/wp\/v2\/pages\/2722\/revisions"}],"predecessor-version":[{"id":2724,"href":"https:\/\/www.imaitaly.biz\/es\/wp-json\/wp\/v2\/pages\/2722\/revisions\/2724"}],"up":[{"embeddable":true,"href":"https:\/\/www.imaitaly.biz\/es\/wp-json\/wp\/v2\/pages\/2706"}],"wp:attachment":[{"href":"https:\/\/www.imaitaly.biz\/es\/wp-json\/wp\/v2\/media?parent=2722"}],"curies":[{"name":"wp","href":"https:\/\/api.w.org\/{rel}","templated":true}]}}