{"id":2739,"date":"2017-11-21T14:58:07","date_gmt":"2017-11-21T14:58:07","guid":{"rendered":"http:\/\/www.imaitaly.biz\/ima\/industria-4-0\/"},"modified":"2021-09-16T14:17:38","modified_gmt":"2021-09-16T14:17:38","slug":"industria-4-0","status":"publish","type":"page","link":"https:\/\/www.imaitaly.biz\/es\/ima\/industria-4-0\/","title":{"rendered":"Industria 4.0"},"content":{"rendered":"<p>IMA es Industria 4.0 porque responde al concepto de producci\u00f3n automatizada e interconectada.<\/p>\n<p>La tecnolog\u00eda <strong>IMA<\/strong> se traduce en la optimizaci\u00f3n del consumo, rendimiento, ahorro de recursos energ\u00e9ticos y m\u00e1s; mirando hacia el futuro en los terminos de <strong>sostenibilidad<\/strong>. \u00a1El cambio est\u00e1 ya aqu\u00ed y tu puedes ser parte de \u00e9l!<\/p>\n","protected":false},"excerpt":{"rendered":"<p>IMA es Industria 4.0 porque responde al concepto de producci\u00f3n automatizada e interconectada. La tecnolog\u00eda IMA se traduce en la optimizaci\u00f3n del consumo, rendimiento, ahorro de recursos energ\u00e9ticos y m\u00e1s; [&hellip;]<\/p>\n","protected":false},"author":5,"featured_media":0,"parent":2706,"menu_order":70,"comment_status":"closed","ping_status":"closed","template":"","meta":{"_acf_changed":false,"footnotes":""},"class_list":["post-2739","page","type-page","status-publish","hentry"],"acf":[],"yoast_head":"<!-- This site is optimized with the Yoast SEO plugin v27.0 - https:\/\/yoast.com\/product\/yoast-seo-wordpress\/ -->\n<title>Industria 4.0 - IMA SPA<\/title>\n<meta name=\"robots\" content=\"index, follow, max-snippet:-1, max-image-preview:large, max-video-preview:-1\" \/>\n<link rel=\"canonical\" href=\"https:\/\/www.imaitaly.biz\/es\/ima\/industria-4-0\/\" \/>\n<meta property=\"og:locale\" content=\"es_ES\" \/>\n<meta property=\"og:type\" content=\"article\" \/>\n<meta property=\"og:title\" content=\"Industria 4.0 - IMA SPA\" \/>\n<meta property=\"og:description\" content=\"IMA es Industria 4.0 porque responde al concepto de producci\u00f3n automatizada e interconectada. La tecnolog\u00eda IMA se traduce en la optimizaci\u00f3n del consumo, rendimiento, ahorro de recursos energ\u00e9ticos y m\u00e1s; [&hellip;]\" \/>\n<meta property=\"og:url\" content=\"https:\/\/www.imaitaly.biz\/es\/ima\/industria-4-0\/\" \/>\n<meta property=\"og:site_name\" content=\"IMA SPA\" \/>\n<meta property=\"article:publisher\" content=\"https:\/\/www.facebook.com\/SYNCROCUTTINGROOM\/\" \/>\n<meta property=\"article:modified_time\" content=\"2021-09-16T14:17:38+00:00\" \/>\n<meta name=\"twitter:card\" content=\"summary_large_image\" \/>\n<script type=\"application\/ld+json\" class=\"yoast-schema-graph\">{\"@context\":\"https:\/\/schema.org\",\"@graph\":[{\"@type\":\"WebPage\",\"@id\":\"https:\/\/www.imaitaly.biz\/es\/ima\/industria-4-0\/\",\"url\":\"https:\/\/www.imaitaly.biz\/es\/ima\/industria-4-0\/\",\"name\":\"Industria 4.0 - IMA SPA\",\"isPartOf\":{\"@id\":\"https:\/\/www.imaitaly.biz\/#website\"},\"datePublished\":\"2017-11-21T14:58:07+00:00\",\"dateModified\":\"2021-09-16T14:17:38+00:00\",\"breadcrumb\":{\"@id\":\"https:\/\/www.imaitaly.biz\/es\/ima\/industria-4-0\/#breadcrumb\"},\"inLanguage\":\"es\",\"potentialAction\":[{\"@type\":\"ReadAction\",\"target\":[\"https:\/\/www.imaitaly.biz\/es\/ima\/industria-4-0\/\"]}]},{\"@type\":\"BreadcrumbList\",\"@id\":\"https:\/\/www.imaitaly.biz\/es\/ima\/industria-4-0\/#breadcrumb\",\"itemListElement\":[{\"@type\":\"ListItem\",\"position\":1,\"name\":\"Home\",\"item\":\"https:\/\/www.imaitaly.biz\/es\/\"},{\"@type\":\"ListItem\",\"position\":2,\"name\":\"IMA\",\"item\":\"https:\/\/www.imaitaly.biz\/es\/ima\/\"},{\"@type\":\"ListItem\",\"position\":3,\"name\":\"Industria 4.0\"}]},{\"@type\":\"WebSite\",\"@id\":\"https:\/\/www.imaitaly.biz\/#website\",\"url\":\"https:\/\/www.imaitaly.biz\/\",\"name\":\"IMA SPA\",\"description\":\"Innovativi sistemi integrati per la gestione completa in sala taglio\",\"publisher\":{\"@id\":\"https:\/\/www.imaitaly.biz\/#organization\"},\"potentialAction\":[{\"@type\":\"SearchAction\",\"target\":{\"@type\":\"EntryPoint\",\"urlTemplate\":\"https:\/\/www.imaitaly.biz\/?s={search_term_string}\"},\"query-input\":{\"@type\":\"PropertyValueSpecification\",\"valueRequired\":true,\"valueName\":\"search_term_string\"}}],\"inLanguage\":\"es\"},{\"@type\":\"Organization\",\"@id\":\"https:\/\/www.imaitaly.biz\/#organization\",\"name\":\"IMA Italy\",\"url\":\"https:\/\/www.imaitaly.biz\/\",\"logo\":{\"@type\":\"ImageObject\",\"inLanguage\":\"es\",\"@id\":\"https:\/\/www.imaitaly.biz\/#\/schema\/logo\/image\/\",\"url\":\"https:\/\/www.imaitaly.biz\/wp-content\/uploads\/2022\/05\/ima-macchinari-sala-taglio.png\",\"contentUrl\":\"https:\/\/www.imaitaly.biz\/wp-content\/uploads\/2022\/05\/ima-macchinari-sala-taglio.png\",\"width\":750,\"height\":750,\"caption\":\"IMA Italy\"},\"image\":{\"@id\":\"https:\/\/www.imaitaly.biz\/#\/schema\/logo\/image\/\"},\"sameAs\":[\"https:\/\/www.facebook.com\/SYNCROCUTTINGROOM\/\",\"https:\/\/www.youtube.com\/user\/macpigroupIMA\"]}]}<\/script>\n<!-- \/ Yoast SEO plugin. -->","yoast_head_json":{"title":"Industria 4.0 - IMA SPA","robots":{"index":"index","follow":"follow","max-snippet":"max-snippet:-1","max-image-preview":"max-image-preview:large","max-video-preview":"max-video-preview:-1"},"canonical":"https:\/\/www.imaitaly.biz\/es\/ima\/industria-4-0\/","og_locale":"es_ES","og_type":"article","og_title":"Industria 4.0 - IMA SPA","og_description":"IMA es Industria 4.0 porque responde al concepto de producci\u00f3n automatizada e interconectada. La tecnolog\u00eda IMA se traduce en la optimizaci\u00f3n del consumo, rendimiento, ahorro de recursos energ\u00e9ticos y m\u00e1s; [&hellip;]","og_url":"https:\/\/www.imaitaly.biz\/es\/ima\/industria-4-0\/","og_site_name":"IMA SPA","article_publisher":"https:\/\/www.facebook.com\/SYNCROCUTTINGROOM\/","article_modified_time":"2021-09-16T14:17:38+00:00","twitter_card":"summary_large_image","schema":{"@context":"https:\/\/schema.org","@graph":[{"@type":"WebPage","@id":"https:\/\/www.imaitaly.biz\/es\/ima\/industria-4-0\/","url":"https:\/\/www.imaitaly.biz\/es\/ima\/industria-4-0\/","name":"Industria 4.0 - IMA SPA","isPartOf":{"@id":"https:\/\/www.imaitaly.biz\/#website"},"datePublished":"2017-11-21T14:58:07+00:00","dateModified":"2021-09-16T14:17:38+00:00","breadcrumb":{"@id":"https:\/\/www.imaitaly.biz\/es\/ima\/industria-4-0\/#breadcrumb"},"inLanguage":"es","potentialAction":[{"@type":"ReadAction","target":["https:\/\/www.imaitaly.biz\/es\/ima\/industria-4-0\/"]}]},{"@type":"BreadcrumbList","@id":"https:\/\/www.imaitaly.biz\/es\/ima\/industria-4-0\/#breadcrumb","itemListElement":[{"@type":"ListItem","position":1,"name":"Home","item":"https:\/\/www.imaitaly.biz\/es\/"},{"@type":"ListItem","position":2,"name":"IMA","item":"https:\/\/www.imaitaly.biz\/es\/ima\/"},{"@type":"ListItem","position":3,"name":"Industria 4.0"}]},{"@type":"WebSite","@id":"https:\/\/www.imaitaly.biz\/#website","url":"https:\/\/www.imaitaly.biz\/","name":"IMA SPA","description":"Innovativi sistemi integrati per la gestione completa in sala taglio","publisher":{"@id":"https:\/\/www.imaitaly.biz\/#organization"},"potentialAction":[{"@type":"SearchAction","target":{"@type":"EntryPoint","urlTemplate":"https:\/\/www.imaitaly.biz\/?s={search_term_string}"},"query-input":{"@type":"PropertyValueSpecification","valueRequired":true,"valueName":"search_term_string"}}],"inLanguage":"es"},{"@type":"Organization","@id":"https:\/\/www.imaitaly.biz\/#organization","name":"IMA Italy","url":"https:\/\/www.imaitaly.biz\/","logo":{"@type":"ImageObject","inLanguage":"es","@id":"https:\/\/www.imaitaly.biz\/#\/schema\/logo\/image\/","url":"https:\/\/www.imaitaly.biz\/wp-content\/uploads\/2022\/05\/ima-macchinari-sala-taglio.png","contentUrl":"https:\/\/www.imaitaly.biz\/wp-content\/uploads\/2022\/05\/ima-macchinari-sala-taglio.png","width":750,"height":750,"caption":"IMA Italy"},"image":{"@id":"https:\/\/www.imaitaly.biz\/#\/schema\/logo\/image\/"},"sameAs":["https:\/\/www.facebook.com\/SYNCROCUTTINGROOM\/","https:\/\/www.youtube.com\/user\/macpigroupIMA"]}]}},"_links":{"self":[{"href":"https:\/\/www.imaitaly.biz\/es\/wp-json\/wp\/v2\/pages\/2739","targetHints":{"allow":["GET"]}}],"collection":[{"href":"https:\/\/www.imaitaly.biz\/es\/wp-json\/wp\/v2\/pages"}],"about":[{"href":"https:\/\/www.imaitaly.biz\/es\/wp-json\/wp\/v2\/types\/page"}],"author":[{"embeddable":true,"href":"https:\/\/www.imaitaly.biz\/es\/wp-json\/wp\/v2\/users\/5"}],"replies":[{"embeddable":true,"href":"https:\/\/www.imaitaly.biz\/es\/wp-json\/wp\/v2\/comments?post=2739"}],"version-history":[{"count":13,"href":"https:\/\/www.imaitaly.biz\/es\/wp-json\/wp\/v2\/pages\/2739\/revisions"}],"predecessor-version":[{"id":7271,"href":"https:\/\/www.imaitaly.biz\/es\/wp-json\/wp\/v2\/pages\/2739\/revisions\/7271"}],"up":[{"embeddable":true,"href":"https:\/\/www.imaitaly.biz\/es\/wp-json\/wp\/v2\/pages\/2706"}],"wp:attachment":[{"href":"https:\/\/www.imaitaly.biz\/es\/wp-json\/wp\/v2\/media?parent=2739"}],"curies":[{"name":"wp","href":"https:\/\/api.w.org\/{rel}","templated":true}]}}