{"id":3479,"date":"2017-11-20T16:23:11","date_gmt":"2017-11-20T16:23:11","guid":{"rendered":"http:\/\/www.imaitaly.biz\/syncro-cutting-room\/"},"modified":"2024-05-20T08:52:32","modified_gmt":"2024-05-20T08:52:32","slug":"syncro-cutting-room","status":"publish","type":"page","link":"https:\/\/www.imaitaly.biz\/es\/syncro-cutting-room\/","title":{"rendered":"Syncro Cutting Room"},"content":{"rendered":"<p>No solo m\u00e1quinas, sino tambi\u00e9n sistemas integrados sofisticados para la gesti\u00f3n completa de la sala de corte. <strong>Syncro Cutting Room<\/strong> es el \u00faltimo proyecto, muy ambicioso, en el que est\u00e1 implicado IMA. Es una <strong>aplicaci\u00f3n basada en la web<\/strong>, utilizable por cualquier dispositivo que est\u00e9 conectado a Internet (computadora personal, tableta, tel\u00e9fono inteligente, etc.), a trav\u00e9s del cual es posible controlar el funcionamiento de toda la l\u00ednea de corte. {Ut1} <strong>Syncro Cutting Room<\/strong> permite monitorizar la situaci\u00f3n de la sala de corte en tiempo real desde cualquier parte del mundo. La informaci\u00f3n se env\u00eda y procesa a trav\u00e9s de una infraestructura en la nube de \u00faltima generaci\u00f3n para garantizar la seguridad de los datos. El sistema puede monitorear independientemente el estado de la sala de corte y notificar en tiempo real en caso de situaciones cr\u00edticas o eventos definidos por el cliente.<\/p>\n<p>Podemos imaginar la <strong>Syncro Cutting Room<\/strong> como un gran continente, situado en un servidor en la nube, que almacena en su interior todos los datos de producci\u00f3n y estado de las m\u00e1quinas <strong>IMA<\/strong>, de una o m\u00e1s l\u00edneas de producci\u00f3n. Posteriormente, una inteligencia artificial es responsable de filtrarlos, analizarlos y llevar a cabo elaboraciones que permitan comprender mejor el funcionamiento de la planta en su conjunto.<\/p>\n<p>Las m\u00e1quinas <strong>IMA<\/strong> se rigen por <strong>controladores digitales<\/strong> que permiten que todos los elementos de la l\u00ednea dialoguen constantemente entre ellos. Esta tecnolog\u00eda permite aprovechar todos los datos de una m\u00e1quina, extrapolarlos y compararlos con el objetivo de optimizar el flujo de trabajo.<\/p>\n","protected":false},"excerpt":{"rendered":"<p>No solo m\u00e1quinas, sino tambi\u00e9n sistemas integrados sofisticados para la gesti\u00f3n completa de la sala de corte. Syncro Cutting Room es el \u00faltimo proyecto, muy ambicioso, en el que est\u00e1 [&hellip;]<\/p>\n","protected":false},"author":5,"featured_media":0,"parent":0,"menu_order":0,"comment_status":"closed","ping_status":"closed","template":"template_syncrocuttingroom.php","meta":{"_acf_changed":false,"footnotes":""},"class_list":["post-3479","page","type-page","status-publish","hentry"],"acf":[],"yoast_head":"<!-- This site is optimized with the Yoast SEO plugin v27.5 - https:\/\/yoast.com\/product\/yoast-seo-wordpress\/ -->\n<title>Syncro Cutting Room - IMA SPA<\/title>\n<meta name=\"robots\" content=\"index, follow, max-snippet:-1, max-image-preview:large, max-video-preview:-1\" \/>\n<link rel=\"canonical\" href=\"https:\/\/www.imaitaly.biz\/es\/syncro-cutting-room\/\" \/>\n<meta property=\"og:locale\" content=\"es_ES\" \/>\n<meta property=\"og:type\" content=\"article\" \/>\n<meta property=\"og:title\" content=\"Syncro Cutting Room - IMA SPA\" \/>\n<meta property=\"og:description\" content=\"No solo m\u00e1quinas, sino tambi\u00e9n sistemas integrados sofisticados para la gesti\u00f3n completa de la sala de corte. Syncro Cutting Room es el \u00faltimo proyecto, muy ambicioso, en el que est\u00e1 [&hellip;]\" \/>\n<meta property=\"og:url\" content=\"https:\/\/www.imaitaly.biz\/es\/syncro-cutting-room\/\" \/>\n<meta property=\"og:site_name\" content=\"IMA SPA\" \/>\n<meta property=\"article:publisher\" content=\"https:\/\/www.facebook.com\/SYNCROCUTTINGROOM\/\" \/>\n<meta property=\"article:modified_time\" content=\"2024-05-20T08:52:32+00:00\" \/>\n<meta name=\"twitter:card\" content=\"summary_large_image\" \/>\n<meta name=\"twitter:label1\" content=\"Tiempo de lectura\" \/>\n\t<meta name=\"twitter:data1\" content=\"2 minutos\" \/>\n<script type=\"application\/ld+json\" class=\"yoast-schema-graph\">{\"@context\":\"https:\\\/\\\/schema.org\",\"@graph\":[{\"@type\":\"WebPage\",\"@id\":\"https:\\\/\\\/www.imaitaly.biz\\\/es\\\/syncro-cutting-room\\\/\",\"url\":\"https:\\\/\\\/www.imaitaly.biz\\\/es\\\/syncro-cutting-room\\\/\",\"name\":\"Syncro Cutting Room - IMA SPA\",\"isPartOf\":{\"@id\":\"https:\\\/\\\/www.imaitaly.biz\\\/#website\"},\"datePublished\":\"2017-11-20T16:23:11+00:00\",\"dateModified\":\"2024-05-20T08:52:32+00:00\",\"breadcrumb\":{\"@id\":\"https:\\\/\\\/www.imaitaly.biz\\\/es\\\/syncro-cutting-room\\\/#breadcrumb\"},\"inLanguage\":\"es\",\"potentialAction\":[{\"@type\":\"ReadAction\",\"target\":[\"https:\\\/\\\/www.imaitaly.biz\\\/es\\\/syncro-cutting-room\\\/\"]}]},{\"@type\":\"BreadcrumbList\",\"@id\":\"https:\\\/\\\/www.imaitaly.biz\\\/es\\\/syncro-cutting-room\\\/#breadcrumb\",\"itemListElement\":[{\"@type\":\"ListItem\",\"position\":1,\"name\":\"Home\",\"item\":\"https:\\\/\\\/www.imaitaly.biz\\\/es\\\/\"},{\"@type\":\"ListItem\",\"position\":2,\"name\":\"Syncro Cutting Room\"}]},{\"@type\":\"WebSite\",\"@id\":\"https:\\\/\\\/www.imaitaly.biz\\\/#website\",\"url\":\"https:\\\/\\\/www.imaitaly.biz\\\/\",\"name\":\"IMA SPA\",\"description\":\"Innovativi sistemi integrati per la gestione completa in sala taglio\",\"publisher\":{\"@id\":\"https:\\\/\\\/www.imaitaly.biz\\\/#organization\"},\"potentialAction\":[{\"@type\":\"SearchAction\",\"target\":{\"@type\":\"EntryPoint\",\"urlTemplate\":\"https:\\\/\\\/www.imaitaly.biz\\\/?s={search_term_string}\"},\"query-input\":{\"@type\":\"PropertyValueSpecification\",\"valueRequired\":true,\"valueName\":\"search_term_string\"}}],\"inLanguage\":\"es\"},{\"@type\":\"Organization\",\"@id\":\"https:\\\/\\\/www.imaitaly.biz\\\/#organization\",\"name\":\"IMA Italy\",\"url\":\"https:\\\/\\\/www.imaitaly.biz\\\/\",\"logo\":{\"@type\":\"ImageObject\",\"inLanguage\":\"es\",\"@id\":\"https:\\\/\\\/www.imaitaly.biz\\\/#\\\/schema\\\/logo\\\/image\\\/\",\"url\":\"https:\\\/\\\/www.imaitaly.biz\\\/wp-content\\\/uploads\\\/2022\\\/05\\\/ima-macchinari-sala-taglio.png\",\"contentUrl\":\"https:\\\/\\\/www.imaitaly.biz\\\/wp-content\\\/uploads\\\/2022\\\/05\\\/ima-macchinari-sala-taglio.png\",\"width\":750,\"height\":750,\"caption\":\"IMA Italy\"},\"image\":{\"@id\":\"https:\\\/\\\/www.imaitaly.biz\\\/#\\\/schema\\\/logo\\\/image\\\/\"},\"sameAs\":[\"https:\\\/\\\/www.facebook.com\\\/SYNCROCUTTINGROOM\\\/\",\"https:\\\/\\\/www.youtube.com\\\/user\\\/macpigroupIMA\"]}]}<\/script>\n<!-- \/ Yoast SEO plugin. -->","yoast_head_json":{"title":"Syncro Cutting Room - IMA SPA","robots":{"index":"index","follow":"follow","max-snippet":"max-snippet:-1","max-image-preview":"max-image-preview:large","max-video-preview":"max-video-preview:-1"},"canonical":"https:\/\/www.imaitaly.biz\/es\/syncro-cutting-room\/","og_locale":"es_ES","og_type":"article","og_title":"Syncro Cutting Room - IMA SPA","og_description":"No solo m\u00e1quinas, sino tambi\u00e9n sistemas integrados sofisticados para la gesti\u00f3n completa de la sala de corte. Syncro Cutting Room es el \u00faltimo proyecto, muy ambicioso, en el que est\u00e1 [&hellip;]","og_url":"https:\/\/www.imaitaly.biz\/es\/syncro-cutting-room\/","og_site_name":"IMA SPA","article_publisher":"https:\/\/www.facebook.com\/SYNCROCUTTINGROOM\/","article_modified_time":"2024-05-20T08:52:32+00:00","twitter_card":"summary_large_image","twitter_misc":{"Tiempo de lectura":"2 minutos"},"schema":{"@context":"https:\/\/schema.org","@graph":[{"@type":"WebPage","@id":"https:\/\/www.imaitaly.biz\/es\/syncro-cutting-room\/","url":"https:\/\/www.imaitaly.biz\/es\/syncro-cutting-room\/","name":"Syncro Cutting Room - IMA SPA","isPartOf":{"@id":"https:\/\/www.imaitaly.biz\/#website"},"datePublished":"2017-11-20T16:23:11+00:00","dateModified":"2024-05-20T08:52:32+00:00","breadcrumb":{"@id":"https:\/\/www.imaitaly.biz\/es\/syncro-cutting-room\/#breadcrumb"},"inLanguage":"es","potentialAction":[{"@type":"ReadAction","target":["https:\/\/www.imaitaly.biz\/es\/syncro-cutting-room\/"]}]},{"@type":"BreadcrumbList","@id":"https:\/\/www.imaitaly.biz\/es\/syncro-cutting-room\/#breadcrumb","itemListElement":[{"@type":"ListItem","position":1,"name":"Home","item":"https:\/\/www.imaitaly.biz\/es\/"},{"@type":"ListItem","position":2,"name":"Syncro Cutting Room"}]},{"@type":"WebSite","@id":"https:\/\/www.imaitaly.biz\/#website","url":"https:\/\/www.imaitaly.biz\/","name":"IMA SPA","description":"Innovativi sistemi integrati per la gestione completa in sala taglio","publisher":{"@id":"https:\/\/www.imaitaly.biz\/#organization"},"potentialAction":[{"@type":"SearchAction","target":{"@type":"EntryPoint","urlTemplate":"https:\/\/www.imaitaly.biz\/?s={search_term_string}"},"query-input":{"@type":"PropertyValueSpecification","valueRequired":true,"valueName":"search_term_string"}}],"inLanguage":"es"},{"@type":"Organization","@id":"https:\/\/www.imaitaly.biz\/#organization","name":"IMA Italy","url":"https:\/\/www.imaitaly.biz\/","logo":{"@type":"ImageObject","inLanguage":"es","@id":"https:\/\/www.imaitaly.biz\/#\/schema\/logo\/image\/","url":"https:\/\/www.imaitaly.biz\/wp-content\/uploads\/2022\/05\/ima-macchinari-sala-taglio.png","contentUrl":"https:\/\/www.imaitaly.biz\/wp-content\/uploads\/2022\/05\/ima-macchinari-sala-taglio.png","width":750,"height":750,"caption":"IMA Italy"},"image":{"@id":"https:\/\/www.imaitaly.biz\/#\/schema\/logo\/image\/"},"sameAs":["https:\/\/www.facebook.com\/SYNCROCUTTINGROOM\/","https:\/\/www.youtube.com\/user\/macpigroupIMA"]}]}},"_links":{"self":[{"href":"https:\/\/www.imaitaly.biz\/es\/wp-json\/wp\/v2\/pages\/3479","targetHints":{"allow":["GET"]}}],"collection":[{"href":"https:\/\/www.imaitaly.biz\/es\/wp-json\/wp\/v2\/pages"}],"about":[{"href":"https:\/\/www.imaitaly.biz\/es\/wp-json\/wp\/v2\/types\/page"}],"author":[{"embeddable":true,"href":"https:\/\/www.imaitaly.biz\/es\/wp-json\/wp\/v2\/users\/5"}],"replies":[{"embeddable":true,"href":"https:\/\/www.imaitaly.biz\/es\/wp-json\/wp\/v2\/comments?post=3479"}],"version-history":[{"count":6,"href":"https:\/\/www.imaitaly.biz\/es\/wp-json\/wp\/v2\/pages\/3479\/revisions"}],"predecessor-version":[{"id":10897,"href":"https:\/\/www.imaitaly.biz\/es\/wp-json\/wp\/v2\/pages\/3479\/revisions\/10897"}],"wp:attachment":[{"href":"https:\/\/www.imaitaly.biz\/es\/wp-json\/wp\/v2\/media?parent=3479"}],"curies":[{"name":"wp","href":"https:\/\/api.w.org\/{rel}","templated":true}]}}